{"id":624,"date":"2026-03-18T15:37:19","date_gmt":"2026-03-18T15:37:19","guid":{"rendered":"https:\/\/children-of-arusha.de\/?page_id=624"},"modified":"2026-03-18T15:37:19","modified_gmt":"2026-03-18T15:37:19","slug":"reisebericht-arusha-januar-2026","status":"publish","type":"page","link":"https:\/\/children-of-arusha.de\/en\/reisebericht-arusha-januar-2026\/","title":{"rendered":"Reisebericht Arusha Januar 2026"},"content":{"rendered":"<p>Im Januar 2026 reisten sechs Mitglieder unseres Vereins nach Arusha, Tansania, um unsere Partnerprojekte vor Ort zu besuchen, aktuelle Entwicklungen zu begleiten und gemeinsam mit unseren lokalen Partnern weitere Verbesserungen f\u00fcr die Kinder umzusetzen.<\/p>\n\n\n\n<div class=\"wp-block-columns is-layout-flex wp-container-core-columns-is-layout-28f84493 wp-block-columns-is-layout-flex\">\n<div class=\"wp-block-column is-layout-flow wp-block-column-is-layout-flow\" style=\"flex-basis:25%\">\n<figure class=\"wp-block-image size-large is-resized\"><img loading=\"lazy\" decoding=\"async\" width=\"678\" height=\"1024\" src=\"https:\/\/children-of-arusha.de\/wp-content\/uploads\/2026\/03\/31324818-E1D4-47C6-AD45-FEFEBA1BE7FA_1_105_c-678x1024.jpeg\" alt=\"\" class=\"wp-image-625\" style=\"aspect-ratio:0.6621293477889121;width:260px;height:auto\" srcset=\"https:\/\/children-of-arusha.de\/wp-content\/uploads\/2026\/03\/31324818-E1D4-47C6-AD45-FEFEBA1BE7FA_1_105_c-678x1024.jpeg 678w, https:\/\/children-of-arusha.de\/wp-content\/uploads\/2026\/03\/31324818-E1D4-47C6-AD45-FEFEBA1BE7FA_1_105_c-199x300.jpeg 199w, https:\/\/children-of-arusha.de\/wp-content\/uploads\/2026\/03\/31324818-E1D4-47C6-AD45-FEFEBA1BE7FA_1_105_c-8x12.jpeg 8w, https:\/\/children-of-arusha.de\/wp-content\/uploads\/2026\/03\/31324818-E1D4-47C6-AD45-FEFEBA1BE7FA_1_105_c.jpeg 722w\" sizes=\"auto, (max-width: 678px) 100vw, 678px\" \/><\/figure>\n<\/div>\n\n\n\n<div class=\"wp-block-column is-layout-flow wp-block-column-is-layout-flow\" style=\"flex-basis:50%\">\n<figure class=\"wp-block-image aligncenter size-full is-resized\"><img loading=\"lazy\" decoding=\"async\" width=\"1024\" height=\"768\" src=\"https:\/\/children-of-arusha.de\/wp-content\/uploads\/2026\/03\/44742F73-8BA8-4173-B5AD-729CCD123277_1_105_c.jpeg\" alt=\"\" class=\"wp-image-626\" style=\"width:533px;height:auto\" srcset=\"https:\/\/children-of-arusha.de\/wp-content\/uploads\/2026\/03\/44742F73-8BA8-4173-B5AD-729CCD123277_1_105_c.jpeg 1024w, https:\/\/children-of-arusha.de\/wp-content\/uploads\/2026\/03\/44742F73-8BA8-4173-B5AD-729CCD123277_1_105_c-300x225.jpeg 300w, https:\/\/children-of-arusha.de\/wp-content\/uploads\/2026\/03\/44742F73-8BA8-4173-B5AD-729CCD123277_1_105_c-768x576.jpeg 768w, https:\/\/children-of-arusha.de\/wp-content\/uploads\/2026\/03\/44742F73-8BA8-4173-B5AD-729CCD123277_1_105_c-16x12.jpeg 16w\" sizes=\"auto, (max-width: 1024px) 100vw, 1024px\" \/><\/figure>\n<\/div>\n\n\n\n<div class=\"wp-block-column is-layout-flow wp-block-column-is-layout-flow\" style=\"flex-basis:25%\">\n<figure class=\"wp-block-image size-full\"><img loading=\"lazy\" decoding=\"async\" width=\"768\" height=\"1024\" src=\"https:\/\/children-of-arusha.de\/wp-content\/uploads\/2026\/03\/4F8C167B-422A-48A2-9940-980E0EEC4C6C_1_105_c.jpeg\" alt=\"\" class=\"wp-image-630\" srcset=\"https:\/\/children-of-arusha.de\/wp-content\/uploads\/2026\/03\/4F8C167B-422A-48A2-9940-980E0EEC4C6C_1_105_c.jpeg 768w, https:\/\/children-of-arusha.de\/wp-content\/uploads\/2026\/03\/4F8C167B-422A-48A2-9940-980E0EEC4C6C_1_105_c-225x300.jpeg 225w, https:\/\/children-of-arusha.de\/wp-content\/uploads\/2026\/03\/4F8C167B-422A-48A2-9940-980E0EEC4C6C_1_105_c-9x12.jpeg 9w\" sizes=\"auto, (max-width: 768px) 100vw, 768px\" \/><\/figure>\n<\/div>\n<\/div>\n\n\n\n<p><strong>Besuch im Faraja Waisenhaus<\/strong><\/p>\n\n\n\n<p>Ein zentraler Schwerpunkt unserer Reise war das Faraja Waisenhaus. Besonders erfreulich: Die Bauarbeiten an den neuen Sanit\u00e4ranlagen sind nahezu vollst\u00e4ndig abgeschlossen. Die Einrichtungen sind bereits nutzbar und stellen eine deutliche Verbesserung der Lebensbedingungen f\u00fcr die Kinder dar. Aktuell fehlen nur noch kleinere Abschluss- und Feinarbeiten. Der Plan ist es, alles bis M\u00e4rz fertig zu stellen. Unser Partner vor Ort Architekt Mark Matolo hat den Bau geplant und organisiert.&nbsp;<\/p>\n\n\n\n<p>Neben der baulichen Entwicklung stand vor allem die gemeinsame Zeit mit den Kindern im Mittelpunkt. F\u00fcr alle Kinder konnten wir neben mitgebrachten Spielsachen auch wichtige Alltagsmaterialien bereitstellen:<\/p>\n\n\n\n<ul class=\"wp-block-list\">\n<li>60 Paar neue Schuhe<\/li>\n\n\n\n<li>Sportschuhe sowie Lederschuhe f\u00fcr alle Patenkinder<\/li>\n\n\n\n<li>Schulm\u00e4ppchen f\u00fcr jedes Patenkind<\/li>\n\n\n\n<li>Neue Rutsche<\/li>\n\n\n\n<li>Reparatur der Schaukel<\/li>\n\n\n\n<li>Lebensmittel\u00a0<\/li>\n<\/ul>\n\n\n\n<p>Dar\u00fcber hinaus haben mit unserem zweiten Partner vor Ort, Ayoub,&nbsp; auf dem lokalen Markt Lebensmittel f\u00fcr das Waisenhaus eingekauft, darunter Gem\u00fcse, Obst, Reis, Fleisch und \u00d6l<\/p>\n\n\n\n<p>Auch der Spielbereich wurde erweitert: Eine neue Rutsche und eine neue Schaukel sorgen nun f\u00fcr mehr Bewegungs- und Freizeitm\u00f6glichkeiten.<\/p>\n\n\n\n<div class=\"wp-block-columns is-layout-flex wp-container-core-columns-is-layout-28f84493 wp-block-columns-is-layout-flex\">\n<div class=\"wp-block-column is-layout-flow wp-block-column-is-layout-flow\">\n<figure class=\"wp-block-image size-full\"><img loading=\"lazy\" decoding=\"async\" width=\"768\" height=\"1024\" src=\"https:\/\/children-of-arusha.de\/wp-content\/uploads\/2026\/03\/53A6A71E-A34E-49E3-9A02-5AD9792C01C3_1_105_c-1.jpeg\" alt=\"\" class=\"wp-image-633\" srcset=\"https:\/\/children-of-arusha.de\/wp-content\/uploads\/2026\/03\/53A6A71E-A34E-49E3-9A02-5AD9792C01C3_1_105_c-1.jpeg 768w, https:\/\/children-of-arusha.de\/wp-content\/uploads\/2026\/03\/53A6A71E-A34E-49E3-9A02-5AD9792C01C3_1_105_c-1-225x300.jpeg 225w, https:\/\/children-of-arusha.de\/wp-content\/uploads\/2026\/03\/53A6A71E-A34E-49E3-9A02-5AD9792C01C3_1_105_c-1-9x12.jpeg 9w\" sizes=\"auto, (max-width: 768px) 100vw, 768px\" \/><\/figure>\n<\/div>\n\n\n\n<div class=\"wp-block-column is-layout-flow wp-block-column-is-layout-flow\">\n<figure class=\"wp-block-image size-full\"><img loading=\"lazy\" decoding=\"async\" width=\"768\" height=\"1024\" src=\"https:\/\/children-of-arusha.de\/wp-content\/uploads\/2026\/03\/4D021F54-ADEF-42C6-A727-F919FF86AC63_1_105_c-1.jpeg\" alt=\"\" class=\"wp-image-634\" srcset=\"https:\/\/children-of-arusha.de\/wp-content\/uploads\/2026\/03\/4D021F54-ADEF-42C6-A727-F919FF86AC63_1_105_c-1.jpeg 768w, https:\/\/children-of-arusha.de\/wp-content\/uploads\/2026\/03\/4D021F54-ADEF-42C6-A727-F919FF86AC63_1_105_c-1-225x300.jpeg 225w, https:\/\/children-of-arusha.de\/wp-content\/uploads\/2026\/03\/4D021F54-ADEF-42C6-A727-F919FF86AC63_1_105_c-1-9x12.jpeg 9w\" sizes=\"auto, (max-width: 768px) 100vw, 768px\" \/><\/figure>\n<\/div>\n\n\n\n<div class=\"wp-block-column is-layout-flow wp-block-column-is-layout-flow\">\n<figure class=\"wp-block-image size-full\"><img loading=\"lazy\" decoding=\"async\" width=\"768\" height=\"1024\" src=\"https:\/\/children-of-arusha.de\/wp-content\/uploads\/2026\/03\/ADFB6EDB-F480-44A0-807F-F54F4EA50C60_1_105_c-1.jpeg\" alt=\"\" class=\"wp-image-635\" srcset=\"https:\/\/children-of-arusha.de\/wp-content\/uploads\/2026\/03\/ADFB6EDB-F480-44A0-807F-F54F4EA50C60_1_105_c-1.jpeg 768w, https:\/\/children-of-arusha.de\/wp-content\/uploads\/2026\/03\/ADFB6EDB-F480-44A0-807F-F54F4EA50C60_1_105_c-1-225x300.jpeg 225w, https:\/\/children-of-arusha.de\/wp-content\/uploads\/2026\/03\/ADFB6EDB-F480-44A0-807F-F54F4EA50C60_1_105_c-1-9x12.jpeg 9w\" sizes=\"auto, (max-width: 768px) 100vw, 768px\" \/><\/figure>\n<\/div>\n<\/div>\n\n\n\n<p><strong>Besuch der Davis School<\/strong><\/p>\n\n\n\n<p>Ein weiterer wichtiger Termin f\u00fchrte uns zur Davis School. Dort wurden wir herzlich von der Schulleiterin, Madame Mbowe, empfangen. Aktuell k\u00f6nnen dank der Patenschaften unseres Vereins 17 Kinder diese Schule besuchen. Die Kinder wirken gl\u00fccklich und wir wurden in jeder Klasse mit einem Lied begr\u00fc\u00dft.<\/p>\n\n\n\n<p>Der pers\u00f6nliche Austausch mit der Schulleitung gab uns wertvolle Einblicke in die schulische Entwicklung der Kinder.&nbsp;<\/p>\n\n\n\n<div class=\"wp-block-columns is-layout-flex wp-container-core-columns-is-layout-28f84493 wp-block-columns-is-layout-flex\">\n<div class=\"wp-block-column is-layout-flow wp-block-column-is-layout-flow\" style=\"flex-basis:25%\">\n<figure class=\"wp-block-image size-full\"><img loading=\"lazy\" decoding=\"async\" width=\"768\" height=\"1024\" src=\"https:\/\/children-of-arusha.de\/wp-content\/uploads\/2026\/03\/2F79B80F-EEC3-4722-AFC5-CDE86CD72A51_1_105_c-2.jpeg\" alt=\"\" class=\"wp-image-640\" srcset=\"https:\/\/children-of-arusha.de\/wp-content\/uploads\/2026\/03\/2F79B80F-EEC3-4722-AFC5-CDE86CD72A51_1_105_c-2.jpeg 768w, https:\/\/children-of-arusha.de\/wp-content\/uploads\/2026\/03\/2F79B80F-EEC3-4722-AFC5-CDE86CD72A51_1_105_c-2-225x300.jpeg 225w, https:\/\/children-of-arusha.de\/wp-content\/uploads\/2026\/03\/2F79B80F-EEC3-4722-AFC5-CDE86CD72A51_1_105_c-2-9x12.jpeg 9w\" sizes=\"auto, (max-width: 768px) 100vw, 768px\" \/><\/figure>\n<\/div>\n\n\n\n<div class=\"wp-block-column is-layout-flow wp-block-column-is-layout-flow\" style=\"flex-basis:50%\">\n<figure class=\"wp-block-image size-full is-resized\"><img loading=\"lazy\" decoding=\"async\" width=\"1024\" height=\"768\" src=\"https:\/\/children-of-arusha.de\/wp-content\/uploads\/2026\/03\/E7E5B205-5B03-4AC8-9B44-610C61B188AA_1_105_c-1.jpeg\" alt=\"\" class=\"wp-image-641\" style=\"width:539px;height:auto\" srcset=\"https:\/\/children-of-arusha.de\/wp-content\/uploads\/2026\/03\/E7E5B205-5B03-4AC8-9B44-610C61B188AA_1_105_c-1.jpeg 1024w, https:\/\/children-of-arusha.de\/wp-content\/uploads\/2026\/03\/E7E5B205-5B03-4AC8-9B44-610C61B188AA_1_105_c-1-300x225.jpeg 300w, https:\/\/children-of-arusha.de\/wp-content\/uploads\/2026\/03\/E7E5B205-5B03-4AC8-9B44-610C61B188AA_1_105_c-1-768x576.jpeg 768w, https:\/\/children-of-arusha.de\/wp-content\/uploads\/2026\/03\/E7E5B205-5B03-4AC8-9B44-610C61B188AA_1_105_c-1-16x12.jpeg 16w\" sizes=\"auto, (max-width: 1024px) 100vw, 1024px\" \/><\/figure>\n<\/div>\n\n\n\n<div class=\"wp-block-column is-layout-flow wp-block-column-is-layout-flow\" style=\"flex-basis:25%\">\n<figure class=\"wp-block-image size-full\"><img loading=\"lazy\" decoding=\"async\" width=\"768\" height=\"1024\" src=\"https:\/\/children-of-arusha.de\/wp-content\/uploads\/2026\/03\/E494CC87-BEEF-47E9-9FC9-E9EAF28FE9E2_1_105_c-2.jpeg\" alt=\"\" class=\"wp-image-642\" srcset=\"https:\/\/children-of-arusha.de\/wp-content\/uploads\/2026\/03\/E494CC87-BEEF-47E9-9FC9-E9EAF28FE9E2_1_105_c-2.jpeg 768w, https:\/\/children-of-arusha.de\/wp-content\/uploads\/2026\/03\/E494CC87-BEEF-47E9-9FC9-E9EAF28FE9E2_1_105_c-2-225x300.jpeg 225w, https:\/\/children-of-arusha.de\/wp-content\/uploads\/2026\/03\/E494CC87-BEEF-47E9-9FC9-E9EAF28FE9E2_1_105_c-2-9x12.jpeg 9w\" sizes=\"auto, (max-width: 768px) 100vw, 768px\" \/><\/figure>\n<\/div>\n<\/div>\n\n\n\n<p><strong>Starke Zusammenarbeit vor Ort<\/strong><\/p>\n\n\n\n<p>Unser langj\u00e4hriger Partner vor Ort, Ayoub, hat die Reise intensiv begleitet und sich zuverl\u00e4ssig um Organisation, Eink\u00e4ufe und Abstimmungen gek\u00fcmmert. Ohne seine engagierte Unterst\u00fctzung w\u00e4ren viele der umgesetzten Ma\u00dfnahmen nicht m\u00f6glich gewesen.<\/p>\n\n\n\n<div class=\"wp-block-columns is-layout-flex wp-container-core-columns-is-layout-28f84493 wp-block-columns-is-layout-flex\">\n<div class=\"wp-block-column is-layout-flow wp-block-column-is-layout-flow\">\n<figure class=\"wp-block-image size-full\"><img loading=\"lazy\" decoding=\"async\" width=\"1024\" height=\"768\" src=\"https:\/\/children-of-arusha.de\/wp-content\/uploads\/2026\/03\/DC3FAE77-31E0-4A7A-964F-2B2C880CCE38_1_105_c-1.jpeg\" alt=\"\" class=\"wp-image-644\" srcset=\"https:\/\/children-of-arusha.de\/wp-content\/uploads\/2026\/03\/DC3FAE77-31E0-4A7A-964F-2B2C880CCE38_1_105_c-1.jpeg 1024w, https:\/\/children-of-arusha.de\/wp-content\/uploads\/2026\/03\/DC3FAE77-31E0-4A7A-964F-2B2C880CCE38_1_105_c-1-300x225.jpeg 300w, https:\/\/children-of-arusha.de\/wp-content\/uploads\/2026\/03\/DC3FAE77-31E0-4A7A-964F-2B2C880CCE38_1_105_c-1-768x576.jpeg 768w, https:\/\/children-of-arusha.de\/wp-content\/uploads\/2026\/03\/DC3FAE77-31E0-4A7A-964F-2B2C880CCE38_1_105_c-1-16x12.jpeg 16w\" sizes=\"auto, (max-width: 1024px) 100vw, 1024px\" \/><\/figure>\n<\/div>\n\n\n\n<div class=\"wp-block-column is-layout-flow wp-block-column-is-layout-flow\">\n<figure class=\"wp-block-image size-full\"><img loading=\"lazy\" decoding=\"async\" width=\"1024\" height=\"768\" src=\"https:\/\/children-of-arusha.de\/wp-content\/uploads\/2026\/03\/BEFCA533-8252-43B0-89F6-1D38D99DBA71_1_105_c-1.jpeg\" alt=\"\" class=\"wp-image-645\" srcset=\"https:\/\/children-of-arusha.de\/wp-content\/uploads\/2026\/03\/BEFCA533-8252-43B0-89F6-1D38D99DBA71_1_105_c-1.jpeg 1024w, https:\/\/children-of-arusha.de\/wp-content\/uploads\/2026\/03\/BEFCA533-8252-43B0-89F6-1D38D99DBA71_1_105_c-1-300x225.jpeg 300w, https:\/\/children-of-arusha.de\/wp-content\/uploads\/2026\/03\/BEFCA533-8252-43B0-89F6-1D38D99DBA71_1_105_c-1-768x576.jpeg 768w, https:\/\/children-of-arusha.de\/wp-content\/uploads\/2026\/03\/BEFCA533-8252-43B0-89F6-1D38D99DBA71_1_105_c-1-16x12.jpeg 16w\" sizes=\"auto, (max-width: 1024px) 100vw, 1024px\" \/><\/figure>\n<\/div>\n<\/div>\n\n\n\n<p><strong>Fazit<\/strong><\/p>\n\n\n\n<p>Die Reise hat uns erneut gezeigt, wie wichtig die kontinuierliche Unterst\u00fctzung und pers\u00f6nliche Pr\u00e4senz vor Ort ist. Die sichtbaren Fortschritte \u2013 insbesondere die fast fertiggestellten Sanit\u00e4ranlagen, die schulische F\u00f6rderung durch Patenschaften und die konkrete materielle Hilfe \u2013 sind nur durch die Unterst\u00fctzung unserer Mitglieder und Spenderinnen und Spender m\u00f6glich.<\/p>\n\n\n\n<p>Im Namen aller Kinder und unserer Partner vor Ort danken wir herzlich f\u00fcr das Vertrauen und die anhaltende Unterst\u00fctzung. Gemeinsam k\u00f6nnen wir weiterhin nachhaltige Ver\u00e4nderungen bewirken.<\/p>","protected":false},"excerpt":{"rendered":"<p>Im Januar 2026 reisten sechs Mitglieder unseres Vereins nach Arusha, Tansania, um unsere Partnerprojekte vor Ort zu besuchen, aktuelle Entwicklungen zu begleiten und gemeinsam mit unseren lokalen Partnern weitere Verbesserungen [&hellip;]<\/p>\n","protected":false},"author":1,"featured_media":0,"parent":0,"menu_order":0,"comment_status":"closed","ping_status":"closed","template":"","meta":{"give_campaign_id":0,"footnotes":""},"class_list":["post-624","page","type-page","status-publish","hentry"],"blocksy_meta":[],"campaignId":"","_links":{"self":[{"href":"https:\/\/children-of-arusha.de\/en\/wp-json\/wp\/v2\/pages\/624","targetHints":{"allow":["GET"]}}],"collection":[{"href":"https:\/\/children-of-arusha.de\/en\/wp-json\/wp\/v2\/pages"}],"about":[{"href":"https:\/\/children-of-arusha.de\/en\/wp-json\/wp\/v2\/types\/page"}],"author":[{"embeddable":true,"href":"https:\/\/children-of-arusha.de\/en\/wp-json\/wp\/v2\/users\/1"}],"replies":[{"embeddable":true,"href":"https:\/\/children-of-arusha.de\/en\/wp-json\/wp\/v2\/comments?post=624"}],"version-history":[{"count":1,"href":"https:\/\/children-of-arusha.de\/en\/wp-json\/wp\/v2\/pages\/624\/revisions"}],"predecessor-version":[{"id":646,"href":"https:\/\/children-of-arusha.de\/en\/wp-json\/wp\/v2\/pages\/624\/revisions\/646"}],"wp:attachment":[{"href":"https:\/\/children-of-arusha.de\/en\/wp-json\/wp\/v2\/media?parent=624"}],"curies":[{"name":"wp","href":"https:\/\/api.w.org\/{rel}","templated":true}]}}