{"id":477,"date":"2025-03-14T15:05:01","date_gmt":"2025-03-14T15:05:01","guid":{"rendered":"https:\/\/children-of-arusha.de\/?page_id=477"},"modified":"2026-03-18T12:36:30","modified_gmt":"2026-03-18T12:36:30","slug":"toiletten-waisenhaus-faraja","status":"publish","type":"page","link":"https:\/\/children-of-arusha.de\/en\/toiletten-waisenhaus-faraja\/","title":{"rendered":"Toiletten Waisenhaus Faraja"},"content":{"rendered":"<h2 class=\"wp-block-heading\"><strong>Neue Toiletten f\u00fcr das Waisenhaus Faraja \u2013 Ihre Hilfe z\u00e4hlt!<\/strong><\/h2>\n\n\n\n<p>Die sanit\u00e4ren Anlagen im Waisenhaus Faraja in Arusha, Tansania, sind stark besch\u00e4digt und gef\u00e4hrden die Gesundheit der Kinder. <br>Mit <strong>15.000 US-Dollar<\/strong> wollen wir moderne Toiletten und Waschr\u00e4ume bauen \u2013 f\u00fcr mehr Hygiene und Sicherheit.<\/p>\n\n\n\n<div class=\"wp-block-columns is-layout-flex wp-container-core-columns-is-layout-28f84493 wp-block-columns-is-layout-flex\">\n<div class=\"wp-block-column is-layout-flow wp-block-column-is-layout-flow\">\n<figure class=\"wp-block-image size-large\"><img loading=\"lazy\" decoding=\"async\" width=\"768\" height=\"1024\" src=\"https:\/\/children-of-arusha.de\/wp-content\/uploads\/2025\/03\/Toilette-1-1-768x1024.jpg\" alt=\"\" class=\"wp-image-507\" srcset=\"https:\/\/children-of-arusha.de\/wp-content\/uploads\/2025\/03\/Toilette-1-1-768x1024.jpg 768w, https:\/\/children-of-arusha.de\/wp-content\/uploads\/2025\/03\/Toilette-1-1-225x300.jpg 225w, https:\/\/children-of-arusha.de\/wp-content\/uploads\/2025\/03\/Toilette-1-1-1152x1536.jpg 1152w, https:\/\/children-of-arusha.de\/wp-content\/uploads\/2025\/03\/Toilette-1-1-1536x2048.jpg 1536w, https:\/\/children-of-arusha.de\/wp-content\/uploads\/2025\/03\/Toilette-1-1-9x12.jpg 9w, https:\/\/children-of-arusha.de\/wp-content\/uploads\/2025\/03\/Toilette-1-1-scaled.jpg 1920w\" sizes=\"auto, (max-width: 768px) 100vw, 768px\" \/><\/figure>\n<\/div>\n\n\n\n<div class=\"wp-block-column is-layout-flow wp-block-column-is-layout-flow\">\n<figure class=\"wp-block-image size-large\"><img loading=\"lazy\" decoding=\"async\" width=\"768\" height=\"1024\" src=\"https:\/\/children-of-arusha.de\/wp-content\/uploads\/2025\/03\/IMG_8741-768x1024.jpg\" alt=\"\" class=\"wp-image-508\" srcset=\"https:\/\/children-of-arusha.de\/wp-content\/uploads\/2025\/03\/IMG_8741-768x1024.jpg 768w, https:\/\/children-of-arusha.de\/wp-content\/uploads\/2025\/03\/IMG_8741-225x300.jpg 225w, https:\/\/children-of-arusha.de\/wp-content\/uploads\/2025\/03\/IMG_8741-1152x1536.jpg 1152w, https:\/\/children-of-arusha.de\/wp-content\/uploads\/2025\/03\/IMG_8741-1536x2048.jpg 1536w, https:\/\/children-of-arusha.de\/wp-content\/uploads\/2025\/03\/IMG_8741-9x12.jpg 9w, https:\/\/children-of-arusha.de\/wp-content\/uploads\/2025\/03\/IMG_8741-scaled.jpg 1920w\" sizes=\"auto, (max-width: 768px) 100vw, 768px\" \/><\/figure>\n<\/div>\n\n\n\n<div class=\"wp-block-column is-layout-flow wp-block-column-is-layout-flow\">\n<figure class=\"wp-block-image size-large\"><img loading=\"lazy\" decoding=\"async\" width=\"768\" height=\"1024\" src=\"https:\/\/children-of-arusha.de\/wp-content\/uploads\/2025\/03\/IMG_8744-768x1024.jpg\" alt=\"\" class=\"wp-image-513\" srcset=\"https:\/\/children-of-arusha.de\/wp-content\/uploads\/2025\/03\/IMG_8744-768x1024.jpg 768w, https:\/\/children-of-arusha.de\/wp-content\/uploads\/2025\/03\/IMG_8744-225x300.jpg 225w, https:\/\/children-of-arusha.de\/wp-content\/uploads\/2025\/03\/IMG_8744-1152x1536.jpg 1152w, https:\/\/children-of-arusha.de\/wp-content\/uploads\/2025\/03\/IMG_8744-1536x2048.jpg 1536w, https:\/\/children-of-arusha.de\/wp-content\/uploads\/2025\/03\/IMG_8744-9x12.jpg 9w, https:\/\/children-of-arusha.de\/wp-content\/uploads\/2025\/03\/IMG_8744-scaled.jpg 1920w\" sizes=\"auto, (max-width: 768px) 100vw, 768px\" \/><\/figure>\n<\/div>\n<\/div>\n\n\n\n<div class=\"wp-block-columns is-layout-flex wp-container-core-columns-is-layout-28f84493 wp-block-columns-is-layout-flex\">\n<div class=\"wp-block-column is-layout-flow wp-block-column-is-layout-flow\">\n<figure class=\"wp-block-image alignright size-large is-resized\"><img loading=\"lazy\" decoding=\"async\" width=\"768\" height=\"1024\" src=\"https:\/\/children-of-arusha.de\/wp-content\/uploads\/2025\/03\/IMG_8742-768x1024.jpg\" alt=\"\" class=\"wp-image-516\" style=\"width:424px;height:auto\" srcset=\"https:\/\/children-of-arusha.de\/wp-content\/uploads\/2025\/03\/IMG_8742-768x1024.jpg 768w, https:\/\/children-of-arusha.de\/wp-content\/uploads\/2025\/03\/IMG_8742-225x300.jpg 225w, https:\/\/children-of-arusha.de\/wp-content\/uploads\/2025\/03\/IMG_8742-1152x1536.jpg 1152w, https:\/\/children-of-arusha.de\/wp-content\/uploads\/2025\/03\/IMG_8742-1536x2048.jpg 1536w, https:\/\/children-of-arusha.de\/wp-content\/uploads\/2025\/03\/IMG_8742-9x12.jpg 9w, https:\/\/children-of-arusha.de\/wp-content\/uploads\/2025\/03\/IMG_8742-scaled.jpg 1920w\" sizes=\"auto, (max-width: 768px) 100vw, 768px\" \/><\/figure>\n<\/div>\n\n\n\n<div class=\"wp-block-column is-layout-flow wp-block-column-is-layout-flow\">\n<figure class=\"wp-block-image size-large is-resized\"><img loading=\"lazy\" decoding=\"async\" width=\"768\" height=\"1024\" src=\"https:\/\/children-of-arusha.de\/wp-content\/uploads\/2025\/03\/IMG_8736-768x1024.jpg\" alt=\"\" class=\"wp-image-514\" style=\"width:425px;height:auto\" srcset=\"https:\/\/children-of-arusha.de\/wp-content\/uploads\/2025\/03\/IMG_8736-768x1024.jpg 768w, https:\/\/children-of-arusha.de\/wp-content\/uploads\/2025\/03\/IMG_8736-225x300.jpg 225w, https:\/\/children-of-arusha.de\/wp-content\/uploads\/2025\/03\/IMG_8736-1152x1536.jpg 1152w, https:\/\/children-of-arusha.de\/wp-content\/uploads\/2025\/03\/IMG_8736-1536x2048.jpg 1536w, https:\/\/children-of-arusha.de\/wp-content\/uploads\/2025\/03\/IMG_8736-9x12.jpg 9w, https:\/\/children-of-arusha.de\/wp-content\/uploads\/2025\/03\/IMG_8736-scaled.jpg 1920w\" sizes=\"auto, (max-width: 768px) 100vw, 768px\" \/><\/figure>\n<\/div>\n<\/div>\n\n\n\n<h3 class=\"wp-block-heading\"><strong>Unser Plan<\/strong><\/h3>\n\n\n\n<p>\u2714 Abriss der alten, unzureichenden Anlagen<\/p>\n\n\n\n<p>\u2714 Bau moderner, hygienischer Toiletten<\/p>\n\n\n\n<p>\u2714 Verbesserte Abwasserentsorgung<\/p>\n\n\n\n<p>Unser lokaler Partner, Architekt Mark Matolo, sorgt f\u00fcr die Umsetzung vor Ort.<\/p>\n\n\n\n<p><strong>So k\u00f6nnen Sie helfen<\/strong>! Jede Spende bringt uns dem Ziel n\u00e4her und schenkt den Kindern eine w\u00fcrdige Umgebung.<br><strong>Ihr Beitrag flie\u00dft direkt in das Projekt und bewirkt nachhaltige Verbesserungen.<\/strong><\/p>\n\n\n\n<p><strong>Spenden Sie jetzt mit dem Stichwort \u201eSanit\u00e4ranlagen Faraja\u201c!<\/strong> Gemeinsam schaffen wir ein sicheres Zuhause f\u00fcr die Kinder.<\/p>\n\n\n\n<h2 class=\"wp-block-heading\"><strong>UPDATE:<\/strong><\/h2>\n\n\n\n<p>Die Bauarbeiten sind fast vollst\u00e4ndig abgeschlossen! Die alten Anlagen wurden abgerissen und der Neubau ist fast abgeschlossen. <\/p>\n\n\n\n<div class=\"wp-block-columns is-layout-flex wp-container-core-columns-is-layout-28f84493 wp-block-columns-is-layout-flex\">\n<div class=\"wp-block-column is-layout-flow wp-block-column-is-layout-flow\">\n<figure class=\"wp-block-image alignfull size-full\"><img loading=\"lazy\" decoding=\"async\" width=\"1024\" height=\"768\" src=\"https:\/\/children-of-arusha.de\/wp-content\/uploads\/2026\/03\/62AA62CF-2C23-498C-8DA6-D7728A781A66_1_105_c-1.jpeg\" alt=\"\" class=\"wp-image-611\" srcset=\"https:\/\/children-of-arusha.de\/wp-content\/uploads\/2026\/03\/62AA62CF-2C23-498C-8DA6-D7728A781A66_1_105_c-1.jpeg 1024w, https:\/\/children-of-arusha.de\/wp-content\/uploads\/2026\/03\/62AA62CF-2C23-498C-8DA6-D7728A781A66_1_105_c-1-300x225.jpeg 300w, https:\/\/children-of-arusha.de\/wp-content\/uploads\/2026\/03\/62AA62CF-2C23-498C-8DA6-D7728A781A66_1_105_c-1-768x576.jpeg 768w, https:\/\/children-of-arusha.de\/wp-content\/uploads\/2026\/03\/62AA62CF-2C23-498C-8DA6-D7728A781A66_1_105_c-1-16x12.jpeg 16w\" sizes=\"auto, (max-width: 1024px) 100vw, 1024px\" \/><\/figure>\n<\/div>\n<\/div>\n\n\n\n<div class=\"wp-block-columns is-layout-flex wp-container-core-columns-is-layout-28f84493 wp-block-columns-is-layout-flex\">\n<div class=\"wp-block-column is-layout-flow wp-block-column-is-layout-flow\">\n<figure class=\"wp-block-image size-large\"><img loading=\"lazy\" decoding=\"async\" width=\"576\" height=\"1024\" src=\"https:\/\/children-of-arusha.de\/wp-content\/uploads\/2025\/04\/image-2-576x1024.png\" alt=\"\" class=\"wp-image-521\" srcset=\"https:\/\/children-of-arusha.de\/wp-content\/uploads\/2025\/04\/image-2-576x1024.png 576w, https:\/\/children-of-arusha.de\/wp-content\/uploads\/2025\/04\/image-2-169x300.png 169w, https:\/\/children-of-arusha.de\/wp-content\/uploads\/2025\/04\/image-2-768x1365.png 768w, https:\/\/children-of-arusha.de\/wp-content\/uploads\/2025\/04\/image-2-864x1536.png 864w, https:\/\/children-of-arusha.de\/wp-content\/uploads\/2025\/04\/image-2-7x12.png 7w, https:\/\/children-of-arusha.de\/wp-content\/uploads\/2025\/04\/image-2.png 900w\" sizes=\"auto, (max-width: 576px) 100vw, 576px\" \/><\/figure>\n<\/div>\n\n\n\n<div class=\"wp-block-column is-layout-flow wp-block-column-is-layout-flow\">\n<figure class=\"wp-block-image size-large\"><img loading=\"lazy\" decoding=\"async\" width=\"576\" height=\"1024\" src=\"https:\/\/children-of-arusha.de\/wp-content\/uploads\/2025\/04\/image-576x1024.png\" alt=\"\" class=\"wp-image-519\" srcset=\"https:\/\/children-of-arusha.de\/wp-content\/uploads\/2025\/04\/image-576x1024.png 576w, https:\/\/children-of-arusha.de\/wp-content\/uploads\/2025\/04\/image-169x300.png 169w, https:\/\/children-of-arusha.de\/wp-content\/uploads\/2025\/04\/image-768x1365.png 768w, https:\/\/children-of-arusha.de\/wp-content\/uploads\/2025\/04\/image-864x1536.png 864w, https:\/\/children-of-arusha.de\/wp-content\/uploads\/2025\/04\/image-7x12.png 7w, https:\/\/children-of-arusha.de\/wp-content\/uploads\/2025\/04\/image.png 900w\" sizes=\"auto, (max-width: 576px) 100vw, 576px\" \/><\/figure>\n<\/div>\n\n\n\n<div class=\"wp-block-column is-layout-flow wp-block-column-is-layout-flow\">\n<figure class=\"wp-block-video\"><video height=\"848\" style=\"aspect-ratio: 480 \/ 848;\" width=\"480\" controls src=\"https:\/\/children-of-arusha.de\/wp-content\/uploads\/2025\/04\/WhatsApp-Video-2025-04-25-at-17.02.47.mp4\"><\/video><\/figure>\n<\/div>\n<\/div>\n\n\n\n<p>Herzlichen Dank f\u00fcr Ihre Unterst\u00fctzung!<\/p>\n\n\n\n<p><\/p>","protected":false},"excerpt":{"rendered":"<p>Neue Toiletten f\u00fcr das Waisenhaus Faraja \u2013 Ihre Hilfe z\u00e4hlt! Die sanit\u00e4ren Anlagen im Waisenhaus Faraja in Arusha, Tansania, sind stark besch\u00e4digt und gef\u00e4hrden die Gesundheit der Kinder. Mit 15.000 [&hellip;]<\/p>\n","protected":false},"author":1,"featured_media":0,"parent":0,"menu_order":0,"comment_status":"closed","ping_status":"closed","template":"","meta":{"give_campaign_id":0,"footnotes":""},"class_list":["post-477","page","type-page","status-publish","hentry"],"blocksy_meta":[],"campaignId":"","_links":{"self":[{"href":"https:\/\/children-of-arusha.de\/en\/wp-json\/wp\/v2\/pages\/477","targetHints":{"allow":["GET"]}}],"collection":[{"href":"https:\/\/children-of-arusha.de\/en\/wp-json\/wp\/v2\/pages"}],"about":[{"href":"https:\/\/children-of-arusha.de\/en\/wp-json\/wp\/v2\/types\/page"}],"author":[{"embeddable":true,"href":"https:\/\/children-of-arusha.de\/en\/wp-json\/wp\/v2\/users\/1"}],"replies":[{"embeddable":true,"href":"https:\/\/children-of-arusha.de\/en\/wp-json\/wp\/v2\/comments?post=477"}],"version-history":[{"count":6,"href":"https:\/\/children-of-arusha.de\/en\/wp-json\/wp\/v2\/pages\/477\/revisions"}],"predecessor-version":[{"id":621,"href":"https:\/\/children-of-arusha.de\/en\/wp-json\/wp\/v2\/pages\/477\/revisions\/621"}],"wp:attachment":[{"href":"https:\/\/children-of-arusha.de\/en\/wp-json\/wp\/v2\/media?parent=477"}],"curies":[{"name":"wp","href":"https:\/\/api.w.org\/{rel}","templated":true}]}}