{"id":349,"date":"2025-02-09T08:57:09","date_gmt":"2025-02-09T08:57:09","guid":{"rendered":"https:\/\/children-of-arusha.de\/?page_id=349"},"modified":"2025-08-05T17:12:50","modified_gmt":"2025-08-05T17:12:50","slug":"mitgliedschaften","status":"publish","type":"page","link":"https:\/\/children-of-arusha.de\/en\/mitgliedschaften\/","title":{"rendered":"Mitglied werden!"},"content":{"rendered":"<h2 class=\"wp-block-heading\">Vereinsmitglied werden!<\/h2>\n\n\n\n<p>Um Mitglied in unserem Verein zu werden, k\u00f6nnen Sie hier die Mitgliedschaft beantragen. -> <a href=\"https:\/\/web.meinverein.de\/profile\/83007\/member-request-application\" target=\"_blank\" rel=\"noreferrer noopener\"><strong>Zum Mitgliedschaftsantrag<\/strong><\/a><br>Alternativ dazu k\u00f6nnen Sie das untenstehende Formular ausf\u00fcllen und uns per E-Mail an<br><a href=\"mailto:info@children-of-arusha.de\">info@children-of-arusha.de<\/a> senden.<\/p>\n\n\n\n<p><strong>Der Mitgliedsbeitrag von 30\u20ac pro Jahr wird am Ende des Kalenderjahres per Lastschrift eingezogen.<br>Sie erhalten in K\u00fcrze eine Best\u00e4tigung Ihrer Mitgliedschaft.<\/strong><\/p>\n\n\n\n<div data-wp-interactive=\"core\/file\" class=\"wp-block-file\"><object data-wp-bind--hidden=\"!state.hasPdfPreview\" hidden class=\"wp-block-file__embed\" data=\"https:\/\/children-of-arusha.de\/wp-content\/uploads\/2025\/03\/Beitrittserklaerung-Children-of-Arusha-e.V.pdf\" type=\"application\/pdf\" style=\"width:100%;height:730px\" aria-label=\"Embed of Beitrittserkla\u0308rung Children of Arusha e.V..\"><\/object><a id=\"wp-block-file--media-c9cc7563-d24c-4134-ab5e-de3d4bd6a1b8\" href=\"https:\/\/children-of-arusha.de\/wp-content\/uploads\/2025\/03\/Beitrittserklaerung-Children-of-Arusha-e.V.pdf\">Beitrittserkla\u0308rung Children of Arusha e.V.<\/a><a href=\"https:\/\/children-of-arusha.de\/wp-content\/uploads\/2025\/03\/Beitrittserklaerung-Children-of-Arusha-e.V.pdf\" class=\"wp-block-file__button wp-element-button\" download aria-describedby=\"wp-block-file--media-c9cc7563-d24c-4134-ab5e-de3d4bd6a1b8\">Herunterladen<\/a><\/div>\n\n\n\n<p><\/p>","protected":false},"excerpt":{"rendered":"<p>Vereinsmitglied werden! Um Mitglied in unserem Verein zu werden, k\u00f6nnen Sie hier die Mitgliedschaft beantragen. -> Zum MitgliedschaftsantragAlternativ dazu k\u00f6nnen Sie das untenstehende Formular ausf\u00fcllen und uns per E-Mail aninfo@children-of-arusha.de [&hellip;]<\/p>\n","protected":false},"author":1,"featured_media":0,"parent":0,"menu_order":0,"comment_status":"closed","ping_status":"closed","template":"","meta":{"give_campaign_id":0,"footnotes":""},"class_list":["post-349","page","type-page","status-publish","hentry"],"blocksy_meta":[],"campaignId":"","_links":{"self":[{"href":"https:\/\/children-of-arusha.de\/en\/wp-json\/wp\/v2\/pages\/349","targetHints":{"allow":["GET"]}}],"collection":[{"href":"https:\/\/children-of-arusha.de\/en\/wp-json\/wp\/v2\/pages"}],"about":[{"href":"https:\/\/children-of-arusha.de\/en\/wp-json\/wp\/v2\/types\/page"}],"author":[{"embeddable":true,"href":"https:\/\/children-of-arusha.de\/en\/wp-json\/wp\/v2\/users\/1"}],"replies":[{"embeddable":true,"href":"https:\/\/children-of-arusha.de\/en\/wp-json\/wp\/v2\/comments?post=349"}],"version-history":[{"count":9,"href":"https:\/\/children-of-arusha.de\/en\/wp-json\/wp\/v2\/pages\/349\/revisions"}],"predecessor-version":[{"id":551,"href":"https:\/\/children-of-arusha.de\/en\/wp-json\/wp\/v2\/pages\/349\/revisions\/551"}],"wp:attachment":[{"href":"https:\/\/children-of-arusha.de\/en\/wp-json\/wp\/v2\/media?parent=349"}],"curies":[{"name":"wp","href":"https:\/\/api.w.org\/{rel}","templated":true}]}}