{"id":336,"date":"2025-02-06T19:06:50","date_gmt":"2025-02-06T19:06:50","guid":{"rendered":"https:\/\/children-of-arusha.de\/?page_id=336"},"modified":"2025-11-27T17:52:59","modified_gmt":"2025-11-27T17:52:59","slug":"spendenseite","status":"publish","type":"page","link":"https:\/\/children-of-arusha.de\/en\/spendenseite\/","title":{"rendered":"Spendenseite"},"content":{"rendered":"<h2 class=\"wp-block-heading\">Jeder Beitrag z\u00e4hlt &#8211; Helfen Sie mit!<\/h2>\n\n\n\n<p><strong>Sie k\u00f6nnen ganz einfach \u00fcber <a href=\"http:\/\/paypal.me\/childrenofarusha\">PayPal spenden<\/a>.<\/strong><br>Bitte beachten Sie, dass bei einer Spende \u00fcber Paypal 1,5% + 0,35\u20ac Geb\u00fchren an Paypal flie\u00dfen.<\/p>\n\n\n\n<p><strong>Alternativ haben Sie auch die M\u00f6glichkeit, eine \u00dcberweisung auf folgendes Vereinskonto zu t\u00e4tigen<\/strong>:<\/p>\n\n\n\n<div class=\"wp-block-group has-palette-color-1-background-color has-background is-layout-constrained wp-block-group-is-layout-constrained\">\n<h4 class=\"wp-block-heading has-large-font-size\" style=\"border-style:none;border-width:0px;border-radius:0px\"><strong>Bank account<\/strong><\/h4>\n\n\n\n<p><strong>IBAN:<\/strong>&nbsp;DE63 4306 0967 1350 1939 00<br><strong>BIC:&nbsp;<\/strong>GENODEM1GLS<br>GLS Gemeinschaftsbank eG<br><\/p>\n<\/div>","protected":false},"excerpt":{"rendered":"<p>Jeder Beitrag z\u00e4hlt &#8211; Helfen Sie mit! Sie k\u00f6nnen ganz einfach \u00fcber PayPal spenden.Bitte beachten Sie, dass bei einer Spende \u00fcber Paypal 1,5% + 0,35\u20ac Geb\u00fchren an Paypal flie\u00dfen. Alternativ [&hellip;]<\/p>\n","protected":false},"author":1,"featured_media":0,"parent":0,"menu_order":0,"comment_status":"closed","ping_status":"closed","template":"","meta":{"give_campaign_id":0,"footnotes":""},"class_list":["post-336","page","type-page","status-publish","hentry"],"blocksy_meta":[],"campaignId":"","_links":{"self":[{"href":"https:\/\/children-of-arusha.de\/en\/wp-json\/wp\/v2\/pages\/336","targetHints":{"allow":["GET"]}}],"collection":[{"href":"https:\/\/children-of-arusha.de\/en\/wp-json\/wp\/v2\/pages"}],"about":[{"href":"https:\/\/children-of-arusha.de\/en\/wp-json\/wp\/v2\/types\/page"}],"author":[{"embeddable":true,"href":"https:\/\/children-of-arusha.de\/en\/wp-json\/wp\/v2\/users\/1"}],"replies":[{"embeddable":true,"href":"https:\/\/children-of-arusha.de\/en\/wp-json\/wp\/v2\/comments?post=336"}],"version-history":[{"count":10,"href":"https:\/\/children-of-arusha.de\/en\/wp-json\/wp\/v2\/pages\/336\/revisions"}],"predecessor-version":[{"id":557,"href":"https:\/\/children-of-arusha.de\/en\/wp-json\/wp\/v2\/pages\/336\/revisions\/557"}],"wp:attachment":[{"href":"https:\/\/children-of-arusha.de\/en\/wp-json\/wp\/v2\/media?parent=336"}],"curies":[{"name":"wp","href":"https:\/\/api.w.org\/{rel}","templated":true}]}}