{"id":330,"date":"2025-02-06T19:02:09","date_gmt":"2025-02-06T19:02:09","guid":{"rendered":"https:\/\/children-of-arusha.de\/?page_id=330"},"modified":"2026-03-18T12:19:56","modified_gmt":"2026-03-18T12:19:56","slug":"patenschaften","status":"publish","type":"page","link":"https:\/\/children-of-arusha.de\/en\/patenschaften\/","title":{"rendered":"Sponsorships"},"content":{"rendered":"<h2 class=\"wp-block-heading\"><strong>Bildung schenken \u2013 Zukunft erm\u00f6glichen \u2013 Pate\/Patin werden!<\/strong><\/h2>\n\n\n\n<p>Jedes Kind verdient die Chance auf eine gute Schulbildung. In Tansania gibt es \u00f6ffentliche und private Schulen, die \u00f6ffentlichen sind kostenlos. Warum ist es nun wichtig, dass ein Kind auf eine private Schule gehen kann? <\/p>\n\n\n\n<ul class=\"wp-block-list\">\n<li>Sprache: In der \u00f6ffentlichen Schule wird ausschlie\u00dflich Swahili gesprochen. Englisch als Bildungs-und Verkehrssprache in Tansania ist aber essentiell f\u00fcr die Kinder, um sp\u00e4ter im Berufsleben Fu\u00df fassen zu k\u00f6nnen. Zudem werden die Kinder auf der weiterf\u00fchrenden Schule \u201eSecondary School\u201c auf Englisch unterrichtet.&nbsp;<\/li>\n\n\n\n<li>Klassengr\u00f6\u00dfe: In \u00f6ffentlichen Schulen bis zu 100 Kindern pro Lehrer*in<\/li>\n\n\n\n<li>K\u00f6rperliche Z\u00fcchtigung ist in \u00f6ffentlichen Schulen leider keine Seltenheit<\/li>\n\n\n\n<li>qualifiziertere Lehrer*innen mit besserer Ausbildung an privaten Schulen<\/li>\n\n\n\n<li>Bessere Infrastruktur an privaten Schulen: Sanit\u00e4ranlagen, Strom, Computer<\/li>\n\n\n\n<li>H\u00f6here Erfolgsquote bei Pr\u00fcfungen an privaten Schulen, weil die Kinder besser vorbereitet und individuell besser gef\u00f6rdert werden&nbsp;<\/li>\n<\/ul>\n\n\n\n<p><strong>Was kostet eine Patenschaft<\/strong>? 1.335.000 TZS sind je nach Kurs circa 500\u20ac&nbsp; j\u00e4hrlich. Das ist inklusive Schulgeb\u00fchren, Mittagessen, Schuluniform sowie B\u00fccher und Materialien. Die \u00dcberweisungsgeb\u00fchren nach Tansania tr\u00e4gt der Verein. Eine Erh\u00f6hung der Schulgeb\u00fchren seitens der Schule ist nicht in unserer Hand, ebenso wie starke Wechselkursschwankungen.&nbsp;<\/p>\n\n\n\n<p>Die Kosten setzen sich wie folgt zusammen (Geb\u00fchren in TZS pro Jahr):<\/p>\n\n\n\n<figure class=\"wp-block-table is-style-regular has-medium-font-size\"><table class=\"has-palette-color-1-background-color has-background has-fixed-layout\"><thead><tr><th>Position<\/th><th>Geb\u00fchren pro Jahr (TZS)<\/th><th>Geb\u00fchren pro Jahr (\u20ac)<\/th><\/tr><\/thead><tbody><tr><td>Schulgeb\u00fchren <\/td><td>990.000 TZS<\/td><td>ca. 371 \u20ac<\/td><\/tr><tr><td>Schuluniformen (zwei Paar)<\/td><td>100.000 TZS<\/td><td>ca. 37 \u20ac<\/td><\/tr><tr><td>Spiel- und Sportuniform (Trainingsanzug und T-Shirts)<\/td><td>45.000 TZS<\/td><td>ca. 17 \u20ac<\/td><\/tr><tr><td>B\u00fccher und Schreibmaterialien<\/td><td>200.000 TZS<\/td><td>ca. 75 \u20ac<\/td><\/tr><\/tbody><tfoot><tr><td><\/td><td><strong>1.335.000 TZS<\/strong><\/td><td><strong>ca. 500 \u20ac<\/strong><\/td><\/tr><\/tfoot><\/table><\/figure>\n\n\n\n<p>Die Kinder besuchen die <strong>Davis Preparatory School<\/strong> in Arusha, die sie in nur zehn Minuten zu Fu\u00df erreichen k\u00f6nnen.&nbsp;<\/p>\n\n\n\n<p><strong>Warum die Davis Preparatory School?<\/strong><\/p>\n\n\n\n<p>Unser Vorstand Ella hat sich 2021 ausf\u00fchrlich mit der Auswahl der besten Schule befasst. Zusammen mit unseren Partnern vor Ort Mark und Ayoub besuchte sie mehrere Schulen in Arusha und Umgebung. Die Davis School \u00fcberzeugte vor allem durch ihre gute Erreichbarkeit zu Fu\u00df &#8211; andere Schulen sind teilweise 40 Minuten Busfahrt entfernt. Au\u00dferdem gehen viele Kinder aus dem Waisenhaus Faraja dort zur Schule, die Schulleiterin ist sehr engagiert und die Kinder f\u00fchlen sich wohl.<\/p>\n\n\n\n<p><strong>Ist die Davis Preparatory School eine offizielle Schule?<\/strong><\/p>\n\n\n\n<p>Ja, die Davis School ist offiziell in Tansania registriert. Ihre Registriernummer lautet AR.02\/7\/035 und ist als private Bildungseinrichtung vollst\u00e4ndig anerkannt.&nbsp;<\/p>\n\n\n\n<p><strong>Wie funktioniert die Patenschaft?<\/strong> Ihr Beitrag wird direkt von unserem Verein an die Schule \u00fcberwiesen \u2013<strong>keine Drittpersonen, keine Umwege.&nbsp;<\/strong><\/p>\n\n\n\n<p>Der pers\u00f6nliche Kontakt zur Schule ist mit der Schulleiterin Madame Mbowe, die die Schule 2004 gegr\u00fcndet hat. Von ihr bekommen wir auch die Zeugnisse und Fotos von den Kindern geschickt.&nbsp;<\/p>\n\n\n\n<p><strong>Wie lange geht die Patenschaft?&nbsp;<\/strong><\/p>\n\n\n\n<p>In Tansania gehen Kinder sieben Jahre in die Grundschule. Je nach Englischkenntnissen ist manchmal auch ein Vorschuljahr zus\u00e4tzlich erforderlich. Es w\u00e4re w\u00fcnschenswert, die Patenschaft so lange aufrechtzuerhalten, um den Kindern einen Grundschulabschluss zu erm\u00f6glichen. Dieser Abschluss bietet den Kindern den Zugang zu einfachen T\u00e4tigkeiten oder handwerklichen Berufen.&nbsp;<\/p>\n\n\n\n<p>Anschlie\u00dfend gibt es die M\u00f6glichkeit, die Schulbildung auf der Secondary School f\u00fcr vier Jahre weiter zu f\u00fchren. Mit diesem Abschluss kann eine berufliche Ausbildung begonnen werden. F\u00fcr die Secondary School gibt es verschiedene M\u00f6glichkeiten wie zum Beispiel Internate.&nbsp;<\/p>\n\n\n\n<p>Die darauffolgenden zwei High School Jahre sind optional und enden mit einem Abschluss, der dem deutschen Abitur \u00e4hnlich ist und erm\u00f6glicht den jungen Erwachsenen den Zugang zur Universit\u00e4t oder spezialisierten Hochschulen.<\/p>\n\n\n\n<p>F\u00f6rderungen nach Abschluss der Grundschule werden individuell mit uns besprochen.&nbsp;<\/p>\n\n\n\n<p>Leider kommt es gelegentlich vor, dass Paten\/Patinnen von Kindern vor Ort pl\u00f6tzlich abspringen und die Kinder nicht mehr zur Schule gehen k\u00f6nnen. Auch diesen Kindern m\u00f6chten wir durch unseren Verein eine weitere Schulbildung bis zum Abschluss erm\u00f6glichen.&nbsp;<\/p>\n\n\n\n<p><strong>M\u00f6chten Sie helfen?<\/strong> Dann schreiben Sie uns \u2013 wir beantworten gerne alle Fragen bei einem pers\u00f6nlichen Telefonat! Gemeinsam k\u00f6nnen wir viel bewegen. Eine Patenschaft ist mehr als finanzielle Unterst\u00fctzung \u2013 sie gibt einem Kind Perspektiven und eine echte Chance auf ein selbstbestimmtes Leben.<\/p>\n\n\n\n<p>Unser Vorstand Ella und ihre Familie haben bereits seit drei Jahren zwei Patenkinder an der Davis Preparatory School. Im November 2024 konnte sie sich von den guten Englischkenntnissen der Kinder pers\u00f6nlich \u00fcberzeugen und besuchte erneut die Schule vor Ort. Nach einem Gespr\u00e4ch mit der Direktorin durften Ella und Janis verschiedene Klassen besuchen und wurden freudig von den Kindern empfangen.<\/p>\n\n\n\n<p>Diese Kinder haben bereits eine Patenschaft erhalten und k\u00f6nnen dank ihrer Paten eine gute Schulbildung genie\u00dfen:<\/p>\n\n\n\n<div class=\"wp-block-columns is-layout-flex wp-container-core-columns-is-layout-28f84493 wp-block-columns-is-layout-flex\">\n<div class=\"wp-block-column is-layout-flow wp-block-column-is-layout-flow\">\n<figure class=\"wp-block-image alignfull size-large\"><img loading=\"lazy\" decoding=\"async\" width=\"1024\" height=\"768\" src=\"https:\/\/children-of-arusha.de\/wp-content\/uploads\/2026\/03\/allePatenkinder-1-1024x768.jpeg\" alt=\"\" class=\"wp-image-600\" srcset=\"https:\/\/children-of-arusha.de\/wp-content\/uploads\/2026\/03\/allePatenkinder-1-1024x768.jpeg 1024w, https:\/\/children-of-arusha.de\/wp-content\/uploads\/2026\/03\/allePatenkinder-1-300x225.jpeg 300w, https:\/\/children-of-arusha.de\/wp-content\/uploads\/2026\/03\/allePatenkinder-1-768x576.jpeg 768w, https:\/\/children-of-arusha.de\/wp-content\/uploads\/2026\/03\/allePatenkinder-1-1536x1152.jpeg 1536w, https:\/\/children-of-arusha.de\/wp-content\/uploads\/2026\/03\/allePatenkinder-1-2048x1536.jpeg 2048w, https:\/\/children-of-arusha.de\/wp-content\/uploads\/2026\/03\/allePatenkinder-1-16x12.jpeg 16w\" sizes=\"auto, (max-width: 1024px) 100vw, 1024px\" \/><\/figure>\n<\/div>\n<\/div>\n\n\n\n<div class=\"wp-block-columns is-layout-flex wp-container-core-columns-is-layout-28f84493 wp-block-columns-is-layout-flex\">\n<div class=\"wp-block-column is-layout-flow wp-block-column-is-layout-flow\">\n<figure class=\"wp-block-image aligncenter size-full is-resized\"><img loading=\"lazy\" decoding=\"async\" width=\"768\" height=\"1024\" src=\"https:\/\/children-of-arusha.de\/wp-content\/uploads\/2026\/03\/Abby-5-Jahre-Schwester-von-Prince-4.jpeg\" alt=\"\" class=\"wp-image-578\" style=\"object-fit:cover;width:350px;height:400px\" srcset=\"https:\/\/children-of-arusha.de\/wp-content\/uploads\/2026\/03\/Abby-5-Jahre-Schwester-von-Prince-4.jpeg 768w, https:\/\/children-of-arusha.de\/wp-content\/uploads\/2026\/03\/Abby-5-Jahre-Schwester-von-Prince-4-225x300.jpeg 225w, https:\/\/children-of-arusha.de\/wp-content\/uploads\/2026\/03\/Abby-5-Jahre-Schwester-von-Prince-4-9x12.jpeg 9w\" sizes=\"auto, (max-width: 768px) 100vw, 768px\" \/><figcaption class=\"wp-element-caption\"><strong>Abby, 5 Jahre<\/strong><\/figcaption><\/figure>\n<\/div>\n\n\n\n<div class=\"wp-block-column is-layout-flow wp-block-column-is-layout-flow\">\n<figure class=\"wp-block-image aligncenter size-full is-resized\"><img loading=\"lazy\" decoding=\"async\" width=\"768\" height=\"1024\" src=\"https:\/\/children-of-arusha.de\/wp-content\/uploads\/2026\/03\/Alvin-8-Jahre-1.jpeg\" alt=\"\" class=\"wp-image-579\" style=\"object-fit:cover;width:350px;height:398px\" srcset=\"https:\/\/children-of-arusha.de\/wp-content\/uploads\/2026\/03\/Alvin-8-Jahre-1.jpeg 768w, https:\/\/children-of-arusha.de\/wp-content\/uploads\/2026\/03\/Alvin-8-Jahre-1-225x300.jpeg 225w, https:\/\/children-of-arusha.de\/wp-content\/uploads\/2026\/03\/Alvin-8-Jahre-1-9x12.jpeg 9w\" sizes=\"auto, (max-width: 768px) 100vw, 768px\" \/><figcaption class=\"wp-element-caption\"><strong>Alvin, 8 Jahre<\/strong><\/figcaption><\/figure>\n<\/div>\n\n\n\n<div class=\"wp-block-column is-layout-flow wp-block-column-is-layout-flow\">\n<figure class=\"wp-block-image aligncenter size-full is-resized\"><img loading=\"lazy\" decoding=\"async\" width=\"768\" height=\"1024\" src=\"https:\/\/children-of-arusha.de\/wp-content\/uploads\/2026\/03\/Angel-11-Jahre-1.jpeg\" alt=\"\" class=\"wp-image-580\" style=\"object-fit:cover;width:350px;height:400px\" srcset=\"https:\/\/children-of-arusha.de\/wp-content\/uploads\/2026\/03\/Angel-11-Jahre-1.jpeg 768w, https:\/\/children-of-arusha.de\/wp-content\/uploads\/2026\/03\/Angel-11-Jahre-1-225x300.jpeg 225w, https:\/\/children-of-arusha.de\/wp-content\/uploads\/2026\/03\/Angel-11-Jahre-1-9x12.jpeg 9w\" sizes=\"auto, (max-width: 768px) 100vw, 768px\" \/><figcaption class=\"wp-element-caption\"><strong>Angel, 11 Jahre<\/strong><\/figcaption><\/figure>\n<\/div>\n<\/div>\n\n\n\n<div class=\"wp-block-columns is-layout-flex wp-container-core-columns-is-layout-28f84493 wp-block-columns-is-layout-flex\">\n<div class=\"wp-block-column is-layout-flow wp-block-column-is-layout-flow\">\n<figure class=\"wp-block-image aligncenter size-full is-resized\"><img loading=\"lazy\" decoding=\"async\" width=\"768\" height=\"1024\" src=\"https:\/\/children-of-arusha.de\/wp-content\/uploads\/2026\/03\/Calvin-7-Jahre-1.jpeg\" alt=\"\" class=\"wp-image-581\" style=\"object-fit:cover;width:350px;height:400px\" srcset=\"https:\/\/children-of-arusha.de\/wp-content\/uploads\/2026\/03\/Calvin-7-Jahre-1.jpeg 768w, https:\/\/children-of-arusha.de\/wp-content\/uploads\/2026\/03\/Calvin-7-Jahre-1-225x300.jpeg 225w, https:\/\/children-of-arusha.de\/wp-content\/uploads\/2026\/03\/Calvin-7-Jahre-1-9x12.jpeg 9w\" sizes=\"auto, (max-width: 768px) 100vw, 768px\" \/><figcaption class=\"wp-element-caption\"><strong>Calvin, 7 Jahre<\/strong><\/figcaption><\/figure>\n<\/div>\n\n\n\n<div class=\"wp-block-column is-layout-flow wp-block-column-is-layout-flow\">\n<figure class=\"wp-block-image aligncenter size-full is-resized\"><img loading=\"lazy\" decoding=\"async\" width=\"768\" height=\"1024\" src=\"https:\/\/children-of-arusha.de\/wp-content\/uploads\/2026\/03\/Isabela-8-Jahre-1.jpeg\" alt=\"\" class=\"wp-image-582\" style=\"object-fit:cover;width:350px;height:398px\" srcset=\"https:\/\/children-of-arusha.de\/wp-content\/uploads\/2026\/03\/Isabela-8-Jahre-1.jpeg 768w, https:\/\/children-of-arusha.de\/wp-content\/uploads\/2026\/03\/Isabela-8-Jahre-1-225x300.jpeg 225w, https:\/\/children-of-arusha.de\/wp-content\/uploads\/2026\/03\/Isabela-8-Jahre-1-9x12.jpeg 9w\" sizes=\"auto, (max-width: 768px) 100vw, 768px\" \/><figcaption class=\"wp-element-caption\"><strong>Isabela, 8 Jahre<\/strong><\/figcaption><\/figure>\n<\/div>\n\n\n\n<div class=\"wp-block-column is-layout-flow wp-block-column-is-layout-flow\">\n<figure class=\"wp-block-image aligncenter size-full is-resized\"><img loading=\"lazy\" decoding=\"async\" width=\"768\" height=\"1024\" src=\"https:\/\/children-of-arusha.de\/wp-content\/uploads\/2026\/03\/Jaden-7-Jahre-Bruder-von-Jayden-1.jpeg\" alt=\"\" class=\"wp-image-583\" style=\"object-fit:cover;width:350px;height:400px\" srcset=\"https:\/\/children-of-arusha.de\/wp-content\/uploads\/2026\/03\/Jaden-7-Jahre-Bruder-von-Jayden-1.jpeg 768w, https:\/\/children-of-arusha.de\/wp-content\/uploads\/2026\/03\/Jaden-7-Jahre-Bruder-von-Jayden-1-225x300.jpeg 225w, https:\/\/children-of-arusha.de\/wp-content\/uploads\/2026\/03\/Jaden-7-Jahre-Bruder-von-Jayden-1-9x12.jpeg 9w\" sizes=\"auto, (max-width: 768px) 100vw, 768px\" \/><figcaption class=\"wp-element-caption\"><strong>Jaden, 7 Jahre<\/strong><\/figcaption><\/figure>\n<\/div>\n<\/div>\n\n\n\n<div class=\"wp-block-columns is-layout-flex wp-container-core-columns-is-layout-28f84493 wp-block-columns-is-layout-flex\">\n<div class=\"wp-block-column is-layout-flow wp-block-column-is-layout-flow\">\n<figure class=\"wp-block-image aligncenter size-full is-resized\"><img loading=\"lazy\" decoding=\"async\" width=\"768\" height=\"1024\" src=\"https:\/\/children-of-arusha.de\/wp-content\/uploads\/2026\/03\/Jayden-8-JahreBruder-von-Jaden-1.jpeg\" alt=\"\" class=\"wp-image-584\" style=\"object-fit:cover;width:350px;height:400px\" srcset=\"https:\/\/children-of-arusha.de\/wp-content\/uploads\/2026\/03\/Jayden-8-JahreBruder-von-Jaden-1.jpeg 768w, https:\/\/children-of-arusha.de\/wp-content\/uploads\/2026\/03\/Jayden-8-JahreBruder-von-Jaden-1-225x300.jpeg 225w, https:\/\/children-of-arusha.de\/wp-content\/uploads\/2026\/03\/Jayden-8-JahreBruder-von-Jaden-1-9x12.jpeg 9w\" sizes=\"auto, (max-width: 768px) 100vw, 768px\" \/><figcaption class=\"wp-element-caption\"><strong>Jayden, 8 Jahre<\/strong><\/figcaption><\/figure>\n<\/div>\n\n\n\n<div class=\"wp-block-column is-layout-flow wp-block-column-is-layout-flow\">\n<figure class=\"wp-block-image aligncenter size-full is-resized\"><img loading=\"lazy\" decoding=\"async\" width=\"768\" height=\"1024\" src=\"https:\/\/children-of-arusha.de\/wp-content\/uploads\/2026\/03\/Joseph-8-Jahre-1.jpeg\" alt=\"\" class=\"wp-image-585\" style=\"object-fit:cover;width:350px;height:398px\" srcset=\"https:\/\/children-of-arusha.de\/wp-content\/uploads\/2026\/03\/Joseph-8-Jahre-1.jpeg 768w, https:\/\/children-of-arusha.de\/wp-content\/uploads\/2026\/03\/Joseph-8-Jahre-1-225x300.jpeg 225w, https:\/\/children-of-arusha.de\/wp-content\/uploads\/2026\/03\/Joseph-8-Jahre-1-9x12.jpeg 9w\" sizes=\"auto, (max-width: 768px) 100vw, 768px\" \/><figcaption class=\"wp-element-caption\"><strong>Joseph, 8 Jahre<\/strong><\/figcaption><\/figure>\n<\/div>\n\n\n\n<div class=\"wp-block-column is-layout-flow wp-block-column-is-layout-flow\">\n<figure class=\"wp-block-image aligncenter size-full is-resized\"><img loading=\"lazy\" decoding=\"async\" width=\"768\" height=\"1024\" src=\"https:\/\/children-of-arusha.de\/wp-content\/uploads\/2026\/03\/Joshua-8-Jahre-1.jpeg\" alt=\"\" class=\"wp-image-586\" style=\"object-fit:cover;width:350px;height:400px\" srcset=\"https:\/\/children-of-arusha.de\/wp-content\/uploads\/2026\/03\/Joshua-8-Jahre-1.jpeg 768w, https:\/\/children-of-arusha.de\/wp-content\/uploads\/2026\/03\/Joshua-8-Jahre-1-225x300.jpeg 225w, https:\/\/children-of-arusha.de\/wp-content\/uploads\/2026\/03\/Joshua-8-Jahre-1-9x12.jpeg 9w\" sizes=\"auto, (max-width: 768px) 100vw, 768px\" \/><figcaption class=\"wp-element-caption\"><strong>Joshua, 8 Jahre<\/strong><\/figcaption><\/figure>\n<\/div>\n<\/div>\n\n\n\n<div class=\"wp-block-columns is-layout-flex wp-container-core-columns-is-layout-28f84493 wp-block-columns-is-layout-flex\">\n<div class=\"wp-block-column is-layout-flow wp-block-column-is-layout-flow\">\n<figure class=\"wp-block-image aligncenter size-full is-resized\"><img loading=\"lazy\" decoding=\"async\" width=\"768\" height=\"1024\" src=\"https:\/\/children-of-arusha.de\/wp-content\/uploads\/2026\/03\/Neema-5-Jahre-1.jpeg\" alt=\"\" class=\"wp-image-587\" style=\"object-fit:cover;width:350px;height:400px\" srcset=\"https:\/\/children-of-arusha.de\/wp-content\/uploads\/2026\/03\/Neema-5-Jahre-1.jpeg 768w, https:\/\/children-of-arusha.de\/wp-content\/uploads\/2026\/03\/Neema-5-Jahre-1-225x300.jpeg 225w, https:\/\/children-of-arusha.de\/wp-content\/uploads\/2026\/03\/Neema-5-Jahre-1-9x12.jpeg 9w\" sizes=\"auto, (max-width: 768px) 100vw, 768px\" \/><figcaption class=\"wp-element-caption\"><strong>Neema, 5 Jahre<\/strong><\/figcaption><\/figure>\n<\/div>\n\n\n\n<div class=\"wp-block-column is-layout-flow wp-block-column-is-layout-flow\">\n<figure class=\"wp-block-image aligncenter size-large is-resized\"><img loading=\"lazy\" decoding=\"async\" width=\"380\" height=\"844\" src=\"https:\/\/children-of-arusha.de\/wp-content\/uploads\/2026\/03\/Prince-8-Jahre-Bruder-von-Abby-1-1-edited-4.jpeg\" alt=\"\" class=\"wp-image-593\" style=\"object-fit:cover;width:350px;height:398px\" srcset=\"https:\/\/children-of-arusha.de\/wp-content\/uploads\/2026\/03\/Prince-8-Jahre-Bruder-von-Abby-1-1-edited-4.jpeg 380w, https:\/\/children-of-arusha.de\/wp-content\/uploads\/2026\/03\/Prince-8-Jahre-Bruder-von-Abby-1-1-edited-4-135x300.jpeg 135w, https:\/\/children-of-arusha.de\/wp-content\/uploads\/2026\/03\/Prince-8-Jahre-Bruder-von-Abby-1-1-edited-4-5x12.jpeg 5w\" sizes=\"auto, (max-width: 380px) 100vw, 380px\" \/><figcaption class=\"wp-element-caption\"><strong>Prince, 8 Jahre<\/strong><\/figcaption><\/figure>\n<\/div>\n\n\n\n<div class=\"wp-block-column is-layout-flow wp-block-column-is-layout-flow\">\n<figure class=\"wp-block-image aligncenter size-full is-resized\"><img loading=\"lazy\" decoding=\"async\" width=\"768\" height=\"1024\" src=\"https:\/\/children-of-arusha.de\/wp-content\/uploads\/2026\/03\/Queen-5-Jahre-1.jpeg\" alt=\"\" class=\"wp-image-594\" style=\"object-fit:cover;width:350px;height:400px\" srcset=\"https:\/\/children-of-arusha.de\/wp-content\/uploads\/2026\/03\/Queen-5-Jahre-1.jpeg 768w, https:\/\/children-of-arusha.de\/wp-content\/uploads\/2026\/03\/Queen-5-Jahre-1-225x300.jpeg 225w, https:\/\/children-of-arusha.de\/wp-content\/uploads\/2026\/03\/Queen-5-Jahre-1-9x12.jpeg 9w\" sizes=\"auto, (max-width: 768px) 100vw, 768px\" \/><figcaption class=\"wp-element-caption\"><strong>Queen, 5 Jahre<\/strong><\/figcaption><\/figure>\n<\/div>\n<\/div>\n\n\n\n<div class=\"wp-block-columns is-layout-flex wp-container-core-columns-is-layout-28f84493 wp-block-columns-is-layout-flex\">\n<div class=\"wp-block-column is-layout-flow wp-block-column-is-layout-flow\">\n<figure class=\"wp-block-image aligncenter size-full is-resized\"><img loading=\"lazy\" decoding=\"async\" width=\"768\" height=\"1024\" src=\"https:\/\/children-of-arusha.de\/wp-content\/uploads\/2026\/03\/Sarah-9-Jahre-1.jpeg\" alt=\"\" class=\"wp-image-595\" style=\"object-fit:cover;width:350px;height:400px\" srcset=\"https:\/\/children-of-arusha.de\/wp-content\/uploads\/2026\/03\/Sarah-9-Jahre-1.jpeg 768w, https:\/\/children-of-arusha.de\/wp-content\/uploads\/2026\/03\/Sarah-9-Jahre-1-225x300.jpeg 225w, https:\/\/children-of-arusha.de\/wp-content\/uploads\/2026\/03\/Sarah-9-Jahre-1-9x12.jpeg 9w\" sizes=\"auto, (max-width: 768px) 100vw, 768px\" \/><figcaption class=\"wp-element-caption\"><strong>Sarah, 9 Jahre<\/strong><\/figcaption><\/figure>\n<\/div>\n\n\n\n<div class=\"wp-block-column is-layout-flow wp-block-column-is-layout-flow\">\n<figure class=\"wp-block-image aligncenter size-full is-resized\"><img loading=\"lazy\" decoding=\"async\" width=\"768\" height=\"1024\" src=\"https:\/\/children-of-arusha.de\/wp-content\/uploads\/2026\/03\/Sumayja11-Jahre-2.jpeg\" alt=\"\" class=\"wp-image-598\" style=\"object-fit:cover;width:350px;height:398px\" srcset=\"https:\/\/children-of-arusha.de\/wp-content\/uploads\/2026\/03\/Sumayja11-Jahre-2.jpeg 768w, https:\/\/children-of-arusha.de\/wp-content\/uploads\/2026\/03\/Sumayja11-Jahre-2-225x300.jpeg 225w, https:\/\/children-of-arusha.de\/wp-content\/uploads\/2026\/03\/Sumayja11-Jahre-2-9x12.jpeg 9w\" sizes=\"auto, (max-width: 768px) 100vw, 768px\" \/><figcaption class=\"wp-element-caption\"><strong>Sumayja, 11 Jahre<\/strong><\/figcaption><\/figure>\n<\/div>\n\n\n\n<div class=\"wp-block-column is-layout-flow wp-block-column-is-layout-flow\">\n<figure class=\"wp-block-image aligncenter size-full is-resized\"><img loading=\"lazy\" decoding=\"async\" width=\"768\" height=\"1024\" src=\"https:\/\/children-of-arusha.de\/wp-content\/uploads\/2026\/03\/Tubulu-8-Jahre-1.jpeg\" alt=\"\" class=\"wp-image-597\" style=\"object-fit:cover;width:350px;height:400px\" srcset=\"https:\/\/children-of-arusha.de\/wp-content\/uploads\/2026\/03\/Tubulu-8-Jahre-1.jpeg 768w, https:\/\/children-of-arusha.de\/wp-content\/uploads\/2026\/03\/Tubulu-8-Jahre-1-225x300.jpeg 225w, https:\/\/children-of-arusha.de\/wp-content\/uploads\/2026\/03\/Tubulu-8-Jahre-1-9x12.jpeg 9w\" sizes=\"auto, (max-width: 768px) 100vw, 768px\" \/><figcaption class=\"wp-element-caption\"><strong>Tubulu, 8 Jahre<\/strong><\/figcaption><\/figure>\n<\/div>\n<\/div>","protected":false},"excerpt":{"rendered":"<p>Bildung schenken \u2013 Zukunft erm\u00f6glichen \u2013 Pate\/Patin werden! Jedes Kind verdient die Chance auf eine gute Schulbildung. In Tansania gibt es \u00f6ffentliche und private Schulen, die \u00f6ffentlichen sind kostenlos. Warum [&hellip;]<\/p>\n","protected":false},"author":1,"featured_media":0,"parent":0,"menu_order":0,"comment_status":"closed","ping_status":"closed","template":"","meta":{"give_campaign_id":0,"footnotes":""},"class_list":["post-330","page","type-page","status-publish","hentry"],"blocksy_meta":[],"campaignId":"","_links":{"self":[{"href":"https:\/\/children-of-arusha.de\/en\/wp-json\/wp\/v2\/pages\/330","targetHints":{"allow":["GET"]}}],"collection":[{"href":"https:\/\/children-of-arusha.de\/en\/wp-json\/wp\/v2\/pages"}],"about":[{"href":"https:\/\/children-of-arusha.de\/en\/wp-json\/wp\/v2\/types\/page"}],"author":[{"embeddable":true,"href":"https:\/\/children-of-arusha.de\/en\/wp-json\/wp\/v2\/users\/1"}],"replies":[{"embeddable":true,"href":"https:\/\/children-of-arusha.de\/en\/wp-json\/wp\/v2\/comments?post=330"}],"version-history":[{"count":27,"href":"https:\/\/children-of-arusha.de\/en\/wp-json\/wp\/v2\/pages\/330\/revisions"}],"predecessor-version":[{"id":601,"href":"https:\/\/children-of-arusha.de\/en\/wp-json\/wp\/v2\/pages\/330\/revisions\/601"}],"wp:attachment":[{"href":"https:\/\/children-of-arusha.de\/en\/wp-json\/wp\/v2\/media?parent=330"}],"curies":[{"name":"wp","href":"https:\/\/api.w.org\/{rel}","templated":true}]}}