{"id":223,"date":"2025-02-05T09:32:51","date_gmt":"2025-02-05T09:32:51","guid":{"rendered":"https:\/\/children-of-arusha.de\/?page_id=223"},"modified":"2025-07-26T10:35:11","modified_gmt":"2025-07-26T10:35:11","slug":"impressum","status":"publish","type":"page","link":"https:\/\/children-of-arusha.de\/en\/impressum\/","title":{"rendered":"Imprint"},"content":{"rendered":"<h2 class=\"wp-block-heading\"><strong>Imprint<\/strong><\/h2>\n\n\n\n<p>Children of Arusha e.V.<br>Reifenstuelstra\u00dfe 4<br>80469, M\u00fcnchen<\/p>\n\n\n\n<p>E-Mail: info@children-of-arusha.de<\/p>\n\n\n\n<p>Vertreten durch: Ella Mittnacht<\/p>\n\n\n\n<p>Das Impressum gilt f\u00fcr: children-of-arusha.de<\/p>\n\n\n\n<p>Registergericht: Amtsgericht M\u00fcnchen<br>Registernummer: VR 210669<\/p>\n\n\n\n<p><strong>K\u00f6rperschaftssteuer-Identifikationsnummer gem. \u00a7 60 a Abs. 1 AO: 143\/212\/00258<\/strong><\/p>\n\n\n\n<p><strong>Verantwortliche i.S.d. \u00a7 55 Abs. 2 RStV: Ella Mittnacht<\/strong><\/p>\n\n\n\n<p>Fotos: Ella Mittnacht<\/p>\n\n\n\n<p>Gestaltung: Leon Fiegler<\/p>\n\n\n\n<p><strong>Haftungshinweis:<\/strong><br>Die Inhalte des Internetauftritts wurden mit gr\u00f6\u00dftm\u00f6glicher Sorgfalt und nach bestem Gewissen erstellt. Dennoch \u00fcbernimmt der Anbieter dieser Webseite keine Gew\u00e4hr f\u00fcr die Aktualit\u00e4t, Vollst\u00e4ndigkeit und Richtigkeit der bereitgestellten Seiten und Inhalte.<\/p>\n\n\n\n<p>Trotz sorgf\u00e4ltiger inhaltlicher Kontrolle \u00fcbernehmen wir keine Haftung f\u00fcr die Inhalte externer Links. F\u00fcr den Inhalt der verlinkten Seiten sind ausschlie\u00dflich deren Betreiber verantwortlich.<\/p>\n\n\n\n<p><strong>Urheberrecht:<\/strong><br>Die auf dieser Webseite ver\u00f6ffentlichten Inhalte, Werke und bereitgestellten Informationen unterliegen dem deutschen Urheberrecht und Leistungsschutzrecht. Jede Art der Vervielf\u00e4ltigung, Bearbeitung, Verbreitung, Einspeicherung und jede Art der Verwertung au\u00dferhalb der Grenzen des Urheberrechts bedarf der vorherigen schriftlichen Zustimmung des jeweiligen Rechteinhabers. Das unerlaubte Kopieren\/Speichern der bereitgestellten Informationen auf diesen Webseiten ist nicht gestattet und strafbar.<\/p>","protected":false},"excerpt":{"rendered":"<p>Impressum Children of Arusha e.V.Reifenstuelstra\u00dfe 480469, M\u00fcnchen E-Mail: info@children-of-arusha.de Vertreten durch: Ella Mittnacht Das Impressum gilt f\u00fcr: children-of-arusha.de Registergericht: Amtsgericht M\u00fcnchenRegisternummer: VR 210669 K\u00f6rperschaftssteuer-Identifikationsnummer gem. \u00a7 60 a Abs. 1 [&hellip;]<\/p>\n","protected":false},"author":1,"featured_media":0,"parent":0,"menu_order":0,"comment_status":"closed","ping_status":"closed","template":"","meta":{"give_campaign_id":0,"footnotes":""},"class_list":["post-223","page","type-page","status-publish","hentry"],"blocksy_meta":[],"campaignId":"","_links":{"self":[{"href":"https:\/\/children-of-arusha.de\/en\/wp-json\/wp\/v2\/pages\/223","targetHints":{"allow":["GET"]}}],"collection":[{"href":"https:\/\/children-of-arusha.de\/en\/wp-json\/wp\/v2\/pages"}],"about":[{"href":"https:\/\/children-of-arusha.de\/en\/wp-json\/wp\/v2\/types\/page"}],"author":[{"embeddable":true,"href":"https:\/\/children-of-arusha.de\/en\/wp-json\/wp\/v2\/users\/1"}],"replies":[{"embeddable":true,"href":"https:\/\/children-of-arusha.de\/en\/wp-json\/wp\/v2\/comments?post=223"}],"version-history":[{"count":5,"href":"https:\/\/children-of-arusha.de\/en\/wp-json\/wp\/v2\/pages\/223\/revisions"}],"predecessor-version":[{"id":532,"href":"https:\/\/children-of-arusha.de\/en\/wp-json\/wp\/v2\/pages\/223\/revisions\/532"}],"wp:attachment":[{"href":"https:\/\/children-of-arusha.de\/en\/wp-json\/wp\/v2\/media?parent=223"}],"curies":[{"name":"wp","href":"https:\/\/api.w.org\/{rel}","templated":true}]}}