{"id":221,"date":"2025-02-05T09:32:51","date_gmt":"2025-02-05T09:32:51","guid":{"rendered":"https:\/\/children-of-arusha.de\/?page_id=221"},"modified":"2025-02-15T09:55:14","modified_gmt":"2025-02-15T09:55:14","slug":"faqs","status":"publish","type":"page","link":"https:\/\/children-of-arusha.de\/en\/faqs\/","title":{"rendered":"FAQs"},"content":{"rendered":"<h2 class=\"wp-block-heading\">FAQs<\/h2>\n\n\n\n<details class=\"wp-block-mamaduka-toggles wp-block-toggles\"><summary><strong>Was ist eure Mission?<\/strong><\/summary><div class=\"wp-block-toggles__content\">\n<p>Unsere Mission ist es, den Kindern im Waisenhaus Faraja eine sichere und stabile Umgebung zu schaffen. Wir sorgen f\u00fcr Nahrung, sauberes Trinkwasser, Kleidung, Schulmaterialien und notwendige Alltagsgegenst\u00e4nde. Auch die medizinische Versorgung der Kinder liegt uns am Herzen.<br><\/p>\n<\/div><\/details>\n\n\n\n<details class=\"wp-block-mamaduka-toggles wp-block-toggles\"><summary><strong>Wie viel kostet eine Mitgliedschaft?<\/strong><\/summary><div class=\"wp-block-toggles__content\">\n<p>Die Mitgliedschaft in unserem Verein kostet 30 \u20ac pro Jahr. Dieser Beitrag hilft uns, die laufenden Kosten zu decken und nachhaltige Projekte zu finanzieren.<\/p>\n<\/div><\/details>\n\n\n\n<details class=\"wp-block-mamaduka-toggles wp-block-toggles\"><summary><strong><strong>Was wird mit den Mitgliedsbeitr\u00e4gen finanziert?<\/strong><\/strong><\/summary><div class=\"wp-block-toggles__content\">\n<p>Mit den Mitgliedsbeitr\u00e4gen finanzieren wir unter anderem die Beschaffung von Lebensmitteln, Schulmaterialien, Kleidung sowie notwendige Einrichtungsgegenst\u00e4nde f\u00fcr das Waisenhaus Faraja. Zudem werden medizinische Kosten f\u00fcr die Kinder \u00fcbernommen, falls sie Hilfe ben\u00f6tigen.<\/p>\n<\/div><\/details>\n\n\n\n<details class=\"wp-block-mamaduka-toggles wp-block-toggles\"><summary><strong><strong>Wie viel kostet eine Patenschaft?<\/strong><\/strong><\/summary><div class=\"wp-block-toggles__content\">\n<p>Eine Patenschaft kostet ca. 500 \u20ac j\u00e4hrlich. Darin enthalten sind Schulgeb\u00fchren, Schuluniform, B\u00fccher und Material sowie Mittagessen.<\/p>\n<\/div><\/details>\n\n\n\n<details class=\"wp-block-mamaduka-toggles wp-block-toggles\"><summary><strong><strong>Warum sollte ein Kind eine private Schule besuchen?<\/strong><\/strong><\/summary><div class=\"wp-block-toggles__content\">\n<p>Private Schulen in Tansania bieten bessere Lernbedingungen als \u00f6ffentliche Schulen. Sie haben kleinere Klassen, qualifiziertere Lehrkr\u00e4fte und unterrichten auf Englisch \u2013 eine entscheidende Voraussetzung f\u00fcr die berufliche Zukunft der Kinder.<\/p>\n<\/div><\/details>\n\n\n\n<details class=\"wp-block-mamaduka-toggles wp-block-toggles\"><summary><strong><strong><strong>Wie funktioniert die Patenschaft?<\/strong><\/strong><\/strong><\/summary><div class=\"wp-block-toggles__content\">\n<p>Die Spenden werden direkt an die Schule \u00fcberwiesen, ohne Zwischenh\u00e4ndler. Wir stehen in direktem Kontakt mit der Schulleitung und erhalten regelm\u00e4\u00dfig Berichte \u00fcber die Entwicklung der Kinder.<\/p>\n<\/div><\/details>\n\n\n\n<details class=\"wp-block-mamaduka-toggles wp-block-toggles\"><summary><strong><strong><strong>Wie lange dauert eine Patenschaft?<\/strong><\/strong><\/strong><\/summary><div class=\"wp-block-toggles__content\">\n<p>Idealerweise bis zum Abschluss der Grundschule (7 Jahre). Danach gibt es M\u00f6glichkeiten f\u00fcr eine weiterf\u00fchrende Schulbildung, die individuell mit uns besprochen werden kann.<\/p>\n<\/div><\/details>\n\n\n\n<details class=\"wp-block-mamaduka-toggles wp-block-toggles\"><summary><strong><strong><strong>Was passiert, wenn eine Patenschaft pl\u00f6tzlich beendet wird?<\/strong><\/strong><\/strong><\/summary><div class=\"wp-block-toggles__content\">\n<p>Leider kann es vorkommen, dass eine Patenschaft unerwartet beendet wird. Unser Verein bem\u00fcht sich dann, das Kind weiter zu unterst\u00fctzen, um den Schulbesuch nicht abbrechen zu m\u00fcssen.<\/p>\n<\/div><\/details>\n\n\n\n<details class=\"wp-block-mamaduka-toggles wp-block-toggles\"><summary><strong><strong><strong>Wer sind eure Ansprechpartner vor Ort?<\/strong><\/strong><\/strong><\/summary><div class=\"wp-block-toggles__content\">\n<p>Ayoub ist unser Ansprechpartner im Waisenhaus Faraja. Er ist dort aufgewachsen und hilft heute als Freiwilliger. Mark Matolo ist Architekt und leitet die gemeinn\u00fctzige Karibu Foundation. Er organisiert Freiwilligenprojekte und plant aktuell die Sanierung der Sanit\u00e4ranlagen im Waisenhaus Faraja.<br>Weitere Infos zur Karibu Foundation:https:\/\/karibufoundationandvolunteering.org\/<\/p>\n\n\n\n<p><\/p>\n<\/div><\/details>\n\n\n\n<p><strong>Haben Sie weitere Fragen?<\/strong><\/p>\n\n\n\n<p>Kontaktieren Sie uns gerne per <a href=\"mailto:info@children-of-arusha.de\">E-Mail<\/a>\u2013 wir freuen uns \u00fcber Ihr Interesse und Ihre Unterst\u00fctzung!<\/p>","protected":false},"excerpt":{"rendered":"<p>FAQs Haben Sie weitere Fragen? Kontaktieren Sie uns gerne per E-Mail\u2013 wir freuen uns \u00fcber Ihr Interesse und Ihre Unterst\u00fctzung!<\/p>","protected":false},"author":1,"featured_media":0,"parent":0,"menu_order":0,"comment_status":"closed","ping_status":"closed","template":"","meta":{"give_campaign_id":0,"footnotes":""},"class_list":["post-221","page","type-page","status-publish","hentry"],"blocksy_meta":[],"campaignId":"","_links":{"self":[{"href":"https:\/\/children-of-arusha.de\/en\/wp-json\/wp\/v2\/pages\/221","targetHints":{"allow":["GET"]}}],"collection":[{"href":"https:\/\/children-of-arusha.de\/en\/wp-json\/wp\/v2\/pages"}],"about":[{"href":"https:\/\/children-of-arusha.de\/en\/wp-json\/wp\/v2\/types\/page"}],"author":[{"embeddable":true,"href":"https:\/\/children-of-arusha.de\/en\/wp-json\/wp\/v2\/users\/1"}],"replies":[{"embeddable":true,"href":"https:\/\/children-of-arusha.de\/en\/wp-json\/wp\/v2\/comments?post=221"}],"version-history":[{"count":14,"href":"https:\/\/children-of-arusha.de\/en\/wp-json\/wp\/v2\/pages\/221\/revisions"}],"predecessor-version":[{"id":439,"href":"https:\/\/children-of-arusha.de\/en\/wp-json\/wp\/v2\/pages\/221\/revisions\/439"}],"wp:attachment":[{"href":"https:\/\/children-of-arusha.de\/en\/wp-json\/wp\/v2\/media?parent=221"}],"curies":[{"name":"wp","href":"https:\/\/api.w.org\/{rel}","templated":true}]}}